{"id":26994985,"date":"2024-12-23T07:53:01","date_gmt":"2024-12-23T07:53:01","guid":{"rendered":"https:\/\/vistainstrument.com\/product\/resolution-01-mm-measuring-range-30-mm\/"},"modified":"2024-12-23T07:53:01","modified_gmt":"2024-12-23T07:53:01","slug":"resolution-01-mm-measuring-range-30-mm","status":"publish","type":"product","link":"https:\/\/vistainstrument.com\/zh-hans\/product\/resolution-01-mm-measuring-range-30-mm\/","title":{"rendered":"Resolution 0,1 mm, Measuring Range 30 mm"},"content":{"rendered":"<h2>Specification<\/h2>\n<ul>\n<li><strong>Hysteresis:<\/strong> 15 \u00b5m<\/li>\n<li><strong>Standard:<\/strong> EN ISO 463 Factory standard<\/li>\n<li><strong>Resolution:<\/strong> 0,1 mm<\/li>\n<li><strong>Material:<\/strong> Bo\u00eetier m\u00e9tallique &#8211; Tige de mesure avec filetage M2,5 pour touches de mesure et canon de fixation, en acier inoxydable tremp\u00e9<\/li>\n<li><strong>Dial:<\/strong> Cadran rotatif Index de tol\u00e9rances mobiles<\/li>\n<li><strong>Measuring range:<\/strong> 30 mm<\/li>\n<li><strong>Included in delivery:<\/strong> &#8211; 1 x touche de mesure \u00d8 3,175 [mm] mont\u00e9e &#8211; Rapport de mesure &#8211; D\u00e9claration de conformit\u00e9<\/li>\n<\/ul>\n","protected":false},"excerpt":{"rendered":"<p>n\/a<\/p>\n","protected":false},"featured_media":26994471,"comment_status":"open","ping_status":"closed","template":"","meta":{"_et_pb_use_builder":"","_et_pb_old_content":"","_et_gb_content_width":""},"product_cat":[207],"product_tag":[],"class_list":{"0":"post-26994985","1":"product","2":"type-product","3":"status-publish","4":"has-post-thumbnail","6":"product_cat-207","8":"first","9":"instock","10":"shipping-taxable","11":"product-type-simple"},"gallery_images":[],"_links":{"self":[{"href":"https:\/\/vistainstrument.com\/zh-hans\/wp-json\/wp\/v2\/product\/26994985","targetHints":{"allow":["GET"]}}],"collection":[{"href":"https:\/\/vistainstrument.com\/zh-hans\/wp-json\/wp\/v2\/product"}],"about":[{"href":"https:\/\/vistainstrument.com\/zh-hans\/wp-json\/wp\/v2\/types\/product"}],"replies":[{"embeddable":true,"href":"https:\/\/vistainstrument.com\/zh-hans\/wp-json\/wp\/v2\/comments?post=26994985"}],"wp:featuredmedia":[{"embeddable":true,"href":"https:\/\/vistainstrument.com\/zh-hans\/wp-json\/wp\/v2\/media\/26994471"}],"wp:attachment":[{"href":"https:\/\/vistainstrument.com\/zh-hans\/wp-json\/wp\/v2\/media?parent=26994985"}],"wp:term":[{"taxonomy":"product_cat","embeddable":true,"href":"https:\/\/vistainstrument.com\/zh-hans\/wp-json\/wp\/v2\/product_cat?post=26994985"},{"taxonomy":"product_tag","embeddable":true,"href":"https:\/\/vistainstrument.com\/zh-hans\/wp-json\/wp\/v2\/product_tag?post=26994985"}],"curies":[{"name":"wp","href":"https:\/\/api.w.org\/{rel}","templated":true}]}}