{"id":26994983,"date":"2024-12-23T07:57:35","date_gmt":"2024-12-23T07:57:35","guid":{"rendered":"https:\/\/vistainstrument.com\/product\/resolution-001-mm-measuring-range-10-mm\/"},"modified":"2024-12-23T07:57:35","modified_gmt":"2024-12-23T07:57:35","slug":"resolution-001-mm-measuring-range-10-mm","status":"publish","type":"product","link":"https:\/\/vistainstrument.com\/zh-hans\/product\/resolution-001-mm-measuring-range-10-mm\/","title":{"rendered":"Resolution 0,01 mm, Measuring Range 10 mm"},"content":{"rendered":"<h2>Specification<\/h2>\n<ul>\n<li><strong>Standard:<\/strong> EN ISO 463 Factory standard<\/li>\n<li><strong>Maximum permissible errors:<\/strong> Deviation span 15 \u00b5m Deviation span within the selected local measuring span 0,1 mm: 5 \u00b5m<\/li>\n<li><strong>Repeatability:<\/strong> 3 \u00b5m<\/li>\n<li><strong>Resolution:<\/strong> 0,01 mm<\/li>\n<li><strong>Material:<\/strong> Casing: Full-metal Mounting shank: stainless steel Plunger: stainless steel<\/li>\n<li><strong>Dimensions:<\/strong> Thread measuring insert: M2,5 Mounting shank: M2,5 Dial: \u00d8 58 mm<\/li>\n<li><strong>Dial:<\/strong> Cadran rotatif Index de tol\u00e9rances mobiles<\/li>\n<li><strong>Measuring range:<\/strong> 10 mm<\/li>\n<li><strong>Included in delivery:<\/strong> 1 x touche de mesure \u00d8 3,175 [mm] mont\u00e9e (except\u00e9: 0141760631 &amp; 0141761213 avec bille en rubis) &#8211; Rapport de mesure &#8211; D\u00e9claration de conformit\u00e9<\/li>\n<\/ul>\n","protected":false},"excerpt":{"rendered":"<p>n\/a<\/p>\n","protected":false},"featured_media":26994469,"comment_status":"open","ping_status":"closed","template":"","meta":{"_et_pb_use_builder":"","_et_pb_old_content":"","_et_gb_content_width":""},"product_cat":[207],"product_tag":[],"class_list":{"0":"post-26994983","1":"product","2":"type-product","3":"status-publish","4":"has-post-thumbnail","6":"product_cat-207","8":"first","9":"instock","10":"shipping-taxable","11":"product-type-simple"},"gallery_images":[],"_links":{"self":[{"href":"https:\/\/vistainstrument.com\/zh-hans\/wp-json\/wp\/v2\/product\/26994983","targetHints":{"allow":["GET"]}}],"collection":[{"href":"https:\/\/vistainstrument.com\/zh-hans\/wp-json\/wp\/v2\/product"}],"about":[{"href":"https:\/\/vistainstrument.com\/zh-hans\/wp-json\/wp\/v2\/types\/product"}],"replies":[{"embeddable":true,"href":"https:\/\/vistainstrument.com\/zh-hans\/wp-json\/wp\/v2\/comments?post=26994983"}],"wp:featuredmedia":[{"embeddable":true,"href":"https:\/\/vistainstrument.com\/zh-hans\/wp-json\/wp\/v2\/media\/26994469"}],"wp:attachment":[{"href":"https:\/\/vistainstrument.com\/zh-hans\/wp-json\/wp\/v2\/media?parent=26994983"}],"wp:term":[{"taxonomy":"product_cat","embeddable":true,"href":"https:\/\/vistainstrument.com\/zh-hans\/wp-json\/wp\/v2\/product_cat?post=26994983"},{"taxonomy":"product_tag","embeddable":true,"href":"https:\/\/vistainstrument.com\/zh-hans\/wp-json\/wp\/v2\/product_tag?post=26994983"}],"curies":[{"name":"wp","href":"https:\/\/api.w.org\/{rel}","templated":true}]}}