{"id":26994981,"date":"2024-12-23T08:01:05","date_gmt":"2024-12-23T08:01:05","guid":{"rendered":"https:\/\/vistainstrument.com\/product\/y\/"},"modified":"2024-12-23T08:01:05","modified_gmt":"2024-12-23T08:01:05","slug":"y","status":"publish","type":"product","link":"https:\/\/vistainstrument.com\/zh-hans\/product\/y\/","title":{"rendered":"Reading 0,01 mm"},"content":{"rendered":"<h2>Specification<\/h2>\n<ul>\n<li><strong>Standard:<\/strong> EN ISO 463 Factory standard<\/li>\n<li><strong>Maximum permissible errors:<\/strong> Deviation span 25 \u00b5m Deviation span within the selected local measuring span 0,1 mm (0141760661): 5 \u00b5m Deviation span within the selected local measuring span 0,1 mm (01419050): 12 \u00b5m<\/li>\n<li><strong>Repeatability:<\/strong> 3 \u00b5m<\/li>\n<li><strong>Resolution:<\/strong> 0,01 mm<\/li>\n<li><strong>Material:<\/strong> Bo\u00eetier m\u00e9tallique &#8211; Tige de mesure avec filetage M2,5 pour touches de mesure et canon de fixation, en acier inoxydable tremp\u00e9<\/li>\n<li><strong>Dial:<\/strong> Cadran rotatif Index de tol\u00e9rances mobiles<\/li>\n<li><strong>Included in delivery:<\/strong>\u00a01 x touche de mesure \u00d8 3,175 [mm] mont\u00e9e (except\u00e9: 0141760631 &amp; 0141761213 avec bille en rubis) &#8211; Rapport de mesure &#8211; D\u00e9claration de conformit\u00e9<\/li>\n<\/ul>\n","protected":false},"excerpt":{"rendered":"<p>n\/a<\/p>\n","protected":false},"featured_media":26994467,"comment_status":"open","ping_status":"closed","template":"","meta":{"_et_pb_use_builder":"","_et_pb_old_content":"","_et_gb_content_width":""},"product_cat":[207],"product_tag":[],"class_list":{"0":"post-26994981","1":"product","2":"type-product","3":"status-publish","4":"has-post-thumbnail","6":"product_cat-207","8":"first","9":"instock","10":"shipping-taxable","11":"product-type-simple"},"gallery_images":[],"_links":{"self":[{"href":"https:\/\/vistainstrument.com\/zh-hans\/wp-json\/wp\/v2\/product\/26994981","targetHints":{"allow":["GET"]}}],"collection":[{"href":"https:\/\/vistainstrument.com\/zh-hans\/wp-json\/wp\/v2\/product"}],"about":[{"href":"https:\/\/vistainstrument.com\/zh-hans\/wp-json\/wp\/v2\/types\/product"}],"replies":[{"embeddable":true,"href":"https:\/\/vistainstrument.com\/zh-hans\/wp-json\/wp\/v2\/comments?post=26994981"}],"wp:featuredmedia":[{"embeddable":true,"href":"https:\/\/vistainstrument.com\/zh-hans\/wp-json\/wp\/v2\/media\/26994467"}],"wp:attachment":[{"href":"https:\/\/vistainstrument.com\/zh-hans\/wp-json\/wp\/v2\/media?parent=26994981"}],"wp:term":[{"taxonomy":"product_cat","embeddable":true,"href":"https:\/\/vistainstrument.com\/zh-hans\/wp-json\/wp\/v2\/product_cat?post=26994981"},{"taxonomy":"product_tag","embeddable":true,"href":"https:\/\/vistainstrument.com\/zh-hans\/wp-json\/wp\/v2\/product_tag?post=26994981"}],"curies":[{"name":"wp","href":"https:\/\/api.w.org\/{rel}","templated":true}]}}