{"id":26994915,"date":"2025-02-20T02:59:55","date_gmt":"2025-02-20T02:59:55","guid":{"rendered":"https:\/\/vistainstrument.com\/product\/high-precision-probe-gt-21-22-hp-%c2%b1-02-mm-43-mm-travel\/"},"modified":"2025-02-20T02:59:55","modified_gmt":"2025-02-20T02:59:55","slug":"high-precision-probe-gt-21-22-hp-%c2%b1-02-mm-43-mm-travel","status":"publish","type":"product","link":"https:\/\/vistainstrument.com\/zh-hans\/product\/high-precision-probe-gt-21-22-hp-%c2%b1-02-mm-43-mm-travel\/","title":{"rendered":"High Precision Probe GT 21\/22 HP \u00b1 0,2 mm, 4,3 mm Travel"},"content":{"rendered":"<h2>Specification<\/h2>\n<ul class=\"wae\">\n<li><strong>Standard:<\/strong> DIN 32876<\/li>\n<li><strong>Coefficient of linear expansion:<\/strong> 0,15 \u00b5m\/\u00b0C<\/li>\n<li><strong>Material:<\/strong> &#8211; Corps de fixation nickel\u00e9. &#8211; Tige de mesure en acier inoxydable. &#8211; Soufflet de protection en Nitrile (\u00e9lastom\u00e8re r\u00e9sistant) &#8211; Touche avec bille \u00d83 mm en m\u00e9tal dur.<\/li>\n<li><strong>Degree of protection:<\/strong> IP64 (CEI 60529)<\/li>\n<li><strong>Weight:<\/strong> Mobile weight: 6g<\/li>\n<li><strong>Power supply:<\/strong> 13 kHz (\u00b1 5%)<\/li>\n<li><strong>Included in delivery:<\/strong> &#8211; Measuring report &#8211; Declaration of conformity<\/li>\n<\/ul>\n","protected":false},"excerpt":{"rendered":"<p>n\/a<\/p>\n","protected":false},"featured_media":26994550,"comment_status":"open","ping_status":"closed","template":"","meta":{"_et_pb_use_builder":"","_et_pb_old_content":"","_et_gb_content_width":""},"product_cat":[199],"product_tag":[],"class_list":{"0":"post-26994915","1":"product","2":"type-product","3":"status-publish","4":"has-post-thumbnail","6":"product_cat-199","8":"first","9":"instock","10":"shipping-taxable","11":"product-type-simple"},"gallery_images":[],"_links":{"self":[{"href":"https:\/\/vistainstrument.com\/zh-hans\/wp-json\/wp\/v2\/product\/26994915","targetHints":{"allow":["GET"]}}],"collection":[{"href":"https:\/\/vistainstrument.com\/zh-hans\/wp-json\/wp\/v2\/product"}],"about":[{"href":"https:\/\/vistainstrument.com\/zh-hans\/wp-json\/wp\/v2\/types\/product"}],"replies":[{"embeddable":true,"href":"https:\/\/vistainstrument.com\/zh-hans\/wp-json\/wp\/v2\/comments?post=26994915"}],"wp:featuredmedia":[{"embeddable":true,"href":"https:\/\/vistainstrument.com\/zh-hans\/wp-json\/wp\/v2\/media\/26994550"}],"wp:attachment":[{"href":"https:\/\/vistainstrument.com\/zh-hans\/wp-json\/wp\/v2\/media?parent=26994915"}],"wp:term":[{"taxonomy":"product_cat","embeddable":true,"href":"https:\/\/vistainstrument.com\/zh-hans\/wp-json\/wp\/v2\/product_cat?post=26994915"},{"taxonomy":"product_tag","embeddable":true,"href":"https:\/\/vistainstrument.com\/zh-hans\/wp-json\/wp\/v2\/product_tag?post=26994915"}],"curies":[{"name":"wp","href":"https:\/\/api.w.org\/{rel}","templated":true}]}}