{"id":26994912,"date":"2025-02-20T03:05:20","date_gmt":"2025-02-20T03:05:20","guid":{"rendered":"https:\/\/vistainstrument.com\/product\/pneumatic-probes-%c2%b1-15-mm-32-mm-bolt-travel-linear\/"},"modified":"2025-02-20T03:05:20","modified_gmt":"2025-02-20T03:05:20","slug":"pneumatic-probes-%c2%b1-15-mm-32-mm-bolt-travel-linear","status":"publish","type":"product","link":"https:\/\/vistainstrument.com\/zh-hans\/product\/pneumatic-probes-%c2%b1-15-mm-32-mm-bolt-travel-linear\/","title":{"rendered":"Pneumatic Probes \u00b1 1,5 mm, 3,2 mm Bolt Travel, Linear"},"content":{"rendered":"<h2>Specification<\/h2>\n<ul class=\"wae\">\n<li><strong>Standard:<\/strong> DIN 32876<\/li>\n<li><strong>Coefficient of linear expansion:<\/strong> 0,2 \u00b5m\/\u00b0C<\/li>\n<li><strong>Material:<\/strong> &#8211; Corps de fixation nickel\u00e9. &#8211; Tige de mesure en acier inoxydable. &#8211; Soufflet de protection en Viton (fluoro\u00e9lastom\u00e8re hautement r\u00e9sistant) &#8211; Touche avec bille \u00d83 mm en m\u00e9tal dur.<\/li>\n<li><strong>Degree of protection:<\/strong> IP65 (CEI 60529): GTL 212 &amp; GTL 222 IP50 (CEI 60529): GTL 212-A &amp; GTL 222-A<\/li>\n<li><strong>Weight:<\/strong> Mobile weight: 6g<\/li>\n<li><strong>Power supply:<\/strong> 13 kHz (\u00b1 5%)<\/li>\n<li><strong>Included in delivery:<\/strong> &#8211; Measuring report &#8211; Declaration of conformity<\/li>\n<\/ul>\n","protected":false},"excerpt":{"rendered":"<p>n\/a<\/p>\n","protected":false},"featured_media":26994553,"comment_status":"open","ping_status":"closed","template":"","meta":{"_et_pb_use_builder":"","_et_pb_old_content":"","_et_gb_content_width":""},"product_cat":[199],"product_tag":[],"class_list":{"0":"post-26994912","1":"product","2":"type-product","3":"status-publish","4":"has-post-thumbnail","6":"product_cat-199","8":"first","9":"instock","10":"shipping-taxable","11":"product-type-simple"},"gallery_images":[],"_links":{"self":[{"href":"https:\/\/vistainstrument.com\/zh-hans\/wp-json\/wp\/v2\/product\/26994912","targetHints":{"allow":["GET"]}}],"collection":[{"href":"https:\/\/vistainstrument.com\/zh-hans\/wp-json\/wp\/v2\/product"}],"about":[{"href":"https:\/\/vistainstrument.com\/zh-hans\/wp-json\/wp\/v2\/types\/product"}],"replies":[{"embeddable":true,"href":"https:\/\/vistainstrument.com\/zh-hans\/wp-json\/wp\/v2\/comments?post=26994912"}],"wp:featuredmedia":[{"embeddable":true,"href":"https:\/\/vistainstrument.com\/zh-hans\/wp-json\/wp\/v2\/media\/26994553"}],"wp:attachment":[{"href":"https:\/\/vistainstrument.com\/zh-hans\/wp-json\/wp\/v2\/media?parent=26994912"}],"wp:term":[{"taxonomy":"product_cat","embeddable":true,"href":"https:\/\/vistainstrument.com\/zh-hans\/wp-json\/wp\/v2\/product_cat?post=26994912"},{"taxonomy":"product_tag","embeddable":true,"href":"https:\/\/vistainstrument.com\/zh-hans\/wp-json\/wp\/v2\/product_tag?post=26994912"}],"curies":[{"name":"wp","href":"https:\/\/api.w.org\/{rel}","templated":true}]}}