{"id":26994908,"date":"2025-02-20T03:11:28","date_gmt":"2025-02-20T03:11:28","guid":{"rendered":"https:\/\/vistainstrument.com\/product\/dc-probes-%c2%b1-2-mm\/"},"modified":"2025-02-20T03:11:28","modified_gmt":"2025-02-20T03:11:28","slug":"dc-probes-%c2%b1-2-mm","status":"publish","type":"product","link":"https:\/\/vistainstrument.com\/zh-hans\/product\/dc-probes-%c2%b1-2-mm\/","title":{"rendered":"DC Probes \u00b1 2 mm"},"content":{"rendered":"<h2>Specification<\/h2>\n<ul class=\"wae\">\n<li><strong>Standard:<\/strong> DIN 32876<\/li>\n<li><strong>Coefficient of linear expansion:<\/strong> 0,2 \u00b5m\/\u00b0C<\/li>\n<li><strong>Material:<\/strong> &#8211; Corps de fixation nickel\u00e9. &#8211; Tige de mesure en acier inoxydable. &#8211; Soufflet de protection en Viton (fluoro\u00e9lastom\u00e8re hautement r\u00e9sistant) &#8211; Touche avec bille \u00d83 mm en m\u00e9tal dur.<\/li>\n<li><strong>Degree of protection:<\/strong> IP65 (CEI 60529)<\/li>\n<li><strong>Weight:<\/strong> Mobile weight: 6g<\/li>\n<li><strong>Power supply:<\/strong> &#8211; Tension d&#8217;alimentation stabilis\u00e9e: +\/- 15 V &#8211; Consommation: 15 mAh &#8211; Charge d&#8217;ajustage: &gt; 1k\u03a9 &#8211; Tension de sortie: +\/- 2 V (sur demande: 0 &#8211; 10 V) &#8211; Sensibilit\u00e9: 1 V\/mm (sur demande: 2 \/ 5 \/ 10 V\/mm)<\/li>\n<\/ul>\n","protected":false},"excerpt":{"rendered":"<p>n\/a<\/p>\n","protected":false},"featured_media":26994557,"comment_status":"open","ping_status":"closed","template":"","meta":{"_et_pb_use_builder":"","_et_pb_old_content":"","_et_gb_content_width":""},"product_cat":[199],"product_tag":[],"class_list":{"0":"post-26994908","1":"product","2":"type-product","3":"status-publish","4":"has-post-thumbnail","6":"product_cat-199","8":"first","9":"instock","10":"shipping-taxable","11":"product-type-simple"},"gallery_images":[],"_links":{"self":[{"href":"https:\/\/vistainstrument.com\/zh-hans\/wp-json\/wp\/v2\/product\/26994908","targetHints":{"allow":["GET"]}}],"collection":[{"href":"https:\/\/vistainstrument.com\/zh-hans\/wp-json\/wp\/v2\/product"}],"about":[{"href":"https:\/\/vistainstrument.com\/zh-hans\/wp-json\/wp\/v2\/types\/product"}],"replies":[{"embeddable":true,"href":"https:\/\/vistainstrument.com\/zh-hans\/wp-json\/wp\/v2\/comments?post=26994908"}],"wp:featuredmedia":[{"embeddable":true,"href":"https:\/\/vistainstrument.com\/zh-hans\/wp-json\/wp\/v2\/media\/26994557"}],"wp:attachment":[{"href":"https:\/\/vistainstrument.com\/zh-hans\/wp-json\/wp\/v2\/media?parent=26994908"}],"wp:term":[{"taxonomy":"product_cat","embeddable":true,"href":"https:\/\/vistainstrument.com\/zh-hans\/wp-json\/wp\/v2\/product_cat?post=26994908"},{"taxonomy":"product_tag","embeddable":true,"href":"https:\/\/vistainstrument.com\/zh-hans\/wp-json\/wp\/v2\/product_tag?post=26994908"}],"curies":[{"name":"wp","href":"https:\/\/api.w.org\/{rel}","templated":true}]}}